{"id":2876,"date":"2025-12-23T01:45:00","date_gmt":"2025-12-23T07:45:00","guid":{"rendered":"https:\/\/duranturcios.com\/bambinos\/producto\/moto-electrica-mb900l\/"},"modified":"2025-12-23T01:52:41","modified_gmt":"2025-12-23T07:52:41","slug":"moto-electrica-mb900l","status":"publish","type":"product","link":"https:\/\/duranturcios.com\/bambinos\/producto\/moto-electrica-mb900l\/","title":{"rendered":"MOTO ELECTRICA MB900L"},"content":{"rendered":"<p>Divi\u00e9rtete con la MOTO ELECTRICA MB900L, ideal para los m\u00e1s peque\u00f1os.<\/p>\n<h4>Caracter\u00edsticas:<\/h4>\n<ul>\n<li>Entrada USB<\/li>\n<li>Detalles realistas<\/li>\n<li>Luz led<\/li>\n<li>Asiento ancho<\/li>\n<li>Ruedas de entrenamiento<\/li>\n<li>Sonido de motor realista<\/li>\n<li>Sistema de retroceso<\/li>\n<\/ul>\n<p><strong>Colores disponibles:<\/strong> VERDE<br \/>\n<strong>Modelo:<\/strong> MB900L<\/p>\n","protected":false},"excerpt":{"rendered":"<p>Divi\u00e9rtete con la MOTO ELECTRICA MB900L, ideal para los m\u00e1s peque\u00f1os.<\/p>\n","protected":false},"featured_media":2874,"template":"","meta":{"_acf_changed":false,"_et_pb_use_builder":"","_et_pb_old_content":"","_et_gb_content_width":""},"product_brand":[],"product_cat":[107],"product_tag":[],"class_list":{"0":"post-2876","1":"product","2":"type-product","3":"status-publish","4":"has-post-thumbnail","6":"product_cat-motos-electricas-infantiles","8":"first","9":"instock","10":"shipping-taxable","11":"purchasable","12":"product-type-simple"},"acf":[],"_links":{"self":[{"href":"https:\/\/duranturcios.com\/bambinos\/wp-json\/wp\/v2\/product\/2876","targetHints":{"allow":["GET"]}}],"collection":[{"href":"https:\/\/duranturcios.com\/bambinos\/wp-json\/wp\/v2\/product"}],"about":[{"href":"https:\/\/duranturcios.com\/bambinos\/wp-json\/wp\/v2\/types\/product"}],"wp:featuredmedia":[{"embeddable":true,"href":"https:\/\/duranturcios.com\/bambinos\/wp-json\/wp\/v2\/media\/2874"}],"wp:attachment":[{"href":"https:\/\/duranturcios.com\/bambinos\/wp-json\/wp\/v2\/media?parent=2876"}],"wp:term":[{"taxonomy":"product_brand","embeddable":true,"href":"https:\/\/duranturcios.com\/bambinos\/wp-json\/wp\/v2\/product_brand?post=2876"},{"taxonomy":"product_cat","embeddable":true,"href":"https:\/\/duranturcios.com\/bambinos\/wp-json\/wp\/v2\/product_cat?post=2876"},{"taxonomy":"product_tag","embeddable":true,"href":"https:\/\/duranturcios.com\/bambinos\/wp-json\/wp\/v2\/product_tag?post=2876"}],"curies":[{"name":"wp","href":"https:\/\/api.w.org\/{rel}","templated":true}]}}