{"id":2854,"date":"2025-12-23T01:44:52","date_gmt":"2025-12-23T07:44:52","guid":{"rendered":"https:\/\/duranturcios.com\/bambinos\/producto\/moto-recargable-1389\/"},"modified":"2025-12-23T01:52:47","modified_gmt":"2025-12-23T07:52:47","slug":"moto-recargable-1389","status":"publish","type":"product","link":"https:\/\/duranturcios.com\/bambinos\/producto\/moto-recargable-1389\/","title":{"rendered":"MOTO RECARGABLE 1389"},"content":{"rendered":"<p>Divi\u00e9rtete con la MOTO RECARGABLE 1389, ideal para los m\u00e1s peque\u00f1os.<\/p>\n<h4>Caracter\u00edsticas:<\/h4>\n<ul>\n<li>Recargable<\/li>\n<li>Incluye Llantitas de protecci\u00f3n.<\/li>\n<li>Pedal de aceleraci\u00f3n<\/li>\n<li>Incluye cajita para<\/li>\n<li>Parilla Frontal<\/li>\n<li>Ideal para 3 a 6 a\u00f1os<\/li>\n<\/ul>\n<p><strong>Colores disponibles:<\/strong> BEIGE<br \/>\n<strong>Modelo:<\/strong> 1389<\/p>\n","protected":false},"excerpt":{"rendered":"<p>Divi\u00e9rtete con la MOTO RECARGABLE 1389, ideal para los m\u00e1s peque\u00f1os.<\/p>\n","protected":false},"featured_media":2853,"template":"","meta":{"_acf_changed":false,"_et_pb_use_builder":"","_et_pb_old_content":"","_et_gb_content_width":""},"product_brand":[],"product_cat":[107],"product_tag":[],"class_list":{"0":"post-2854","1":"product","2":"type-product","3":"status-publish","4":"has-post-thumbnail","6":"product_cat-motos-electricas-infantiles","8":"first","9":"instock","10":"shipping-taxable","11":"purchasable","12":"product-type-simple"},"acf":[],"_links":{"self":[{"href":"https:\/\/duranturcios.com\/bambinos\/wp-json\/wp\/v2\/product\/2854","targetHints":{"allow":["GET"]}}],"collection":[{"href":"https:\/\/duranturcios.com\/bambinos\/wp-json\/wp\/v2\/product"}],"about":[{"href":"https:\/\/duranturcios.com\/bambinos\/wp-json\/wp\/v2\/types\/product"}],"wp:featuredmedia":[{"embeddable":true,"href":"https:\/\/duranturcios.com\/bambinos\/wp-json\/wp\/v2\/media\/2853"}],"wp:attachment":[{"href":"https:\/\/duranturcios.com\/bambinos\/wp-json\/wp\/v2\/media?parent=2854"}],"wp:term":[{"taxonomy":"product_brand","embeddable":true,"href":"https:\/\/duranturcios.com\/bambinos\/wp-json\/wp\/v2\/product_brand?post=2854"},{"taxonomy":"product_cat","embeddable":true,"href":"https:\/\/duranturcios.com\/bambinos\/wp-json\/wp\/v2\/product_cat?post=2854"},{"taxonomy":"product_tag","embeddable":true,"href":"https:\/\/duranturcios.com\/bambinos\/wp-json\/wp\/v2\/product_tag?post=2854"}],"curies":[{"name":"wp","href":"https:\/\/api.w.org\/{rel}","templated":true}]}}